{"id":183,"date":"2024-01-30T11:12:51","date_gmt":"2024-01-30T10:12:51","guid":{"rendered":"https:\/\/prismaproperties.se\/wordpress\/?page_id=183"},"modified":"2025-11-12T09:38:53","modified_gmt":"2025-11-12T08:38:53","slug":"sustainability","status":"publish","type":"page","link":"https:\/\/prismaproperties.se\/en\/about-prisma-properties\/sustainability\/","title":{"rendered":"Sustainability"},"content":{"rendered":"<p><div class=\"fusion-fullwidth fullwidth-box fusion-builder-row-1 fusion-flex-container has-pattern-background has-mask-background fusion-parallax-none hundred-percent-fullwidth non-hundred-percent-height-scrolling lazyload\" style=\"--awb-border-radius-top-left:0px;--awb-border-radius-top-right:0px;--awb-border-radius-bottom-right:0px;--awb-border-radius-bottom-left:0px;--awb-min-height:600px;--awb-min-height-medium:500px;--awb-min-height-small:300px;--awb-background-size:cover;--awb-flex-wrap:wrap;\" data-bg=\"https:\/\/prismaproperties.se\/wordpress\/wp-content\/uploads\/2025\/04\/Hallbarhet_topp2-1024x576.jpg\" ><div class=\"fusion-builder-row fusion-row fusion-flex-align-items-flex-start fusion-flex-content-wrap\" style=\"width:calc( 100% + 20px ) !important;max-width:calc( 100% + 20px ) !important;margin-left: calc(-20px \/ 2 );margin-right: calc(-20px \/ 2 );\"><div class=\"fusion-layout-column fusion_builder_column fusion-builder-column-0 fusion_builder_column_1_1 1_1 fusion-flex-column\" style=\"--awb-bg-size:cover;--awb-width-large:100%;--awb-margin-top-large:20px;--awb-spacing-right-large:10px;--awb-margin-bottom-large:20px;--awb-spacing-left-large:10px;--awb-width-medium:100%;--awb-order-medium:0;--awb-spacing-right-medium:10px;--awb-spacing-left-medium:10px;--awb-width-small:100%;--awb-order-small:0;--awb-spacing-right-small:10px;--awb-spacing-left-small:10px;\"><div class=\"fusion-column-wrapper fusion-column-has-shadow fusion-flex-justify-content-flex-start fusion-content-layout-column\"><\/div><\/div><\/div><\/div><div class=\"fusion-fullwidth fullwidth-box fusion-builder-row-2 fusion-flex-container has-pattern-background has-mask-background nonhundred-percent-fullwidth non-hundred-percent-height-scrolling\" style=\"--awb-border-radius-top-left:0px;--awb-border-radius-top-right:0px;--awb-border-radius-bottom-right:0px;--awb-border-radius-bottom-left:0px;--awb-padding-top:60px;--awb-padding-bottom:60px;--awb-flex-wrap:wrap;\" ><div class=\"fusion-builder-row fusion-row fusion-flex-align-items-flex-start fusion-flex-justify-content-center fusion-flex-content-wrap\" style=\"max-width:calc( 1100px + 20px );margin-left: calc(-20px \/ 2 );margin-right: calc(-20px \/ 2 );\"><div class=\"fusion-layout-column fusion_builder_column fusion-builder-column-1 fusion_builder_column_3_4 3_4 fusion-flex-column\" style=\"--awb-bg-size:cover;--awb-width-large:75%;--awb-margin-top-large:20px;--awb-spacing-right-large:10px;--awb-margin-bottom-large:20px;--awb-spacing-left-large:10px;--awb-width-medium:75%;--awb-order-medium:0;--awb-spacing-right-medium:10px;--awb-spacing-left-medium:10px;--awb-width-small:100%;--awb-order-small:0;--awb-spacing-right-small:10px;--awb-spacing-left-small:10px;\"><div class=\"fusion-column-wrapper fusion-column-has-shadow fusion-flex-justify-content-flex-start fusion-content-layout-column\"><div class=\"fusion-title title fusion-title-1 fusion-sep-none fusion-title-center fusion-title-text fusion-title-size-one\" style=\"--awb-text-color:var(--awb-color2);--awb-margin-top-small:10px;--awb-margin-right-small:0px;--awb-margin-bottom-small:10px;--awb-margin-left-small:0px;\"><h1 class=\"fusion-title-heading title-heading-center fusion-responsive-typography-calculated\" style=\"margin:0;--fontSize:50;line-height:1.2;\">Sustainability Work<\/h1><\/div><div class=\"fusion-text fusion-text-1\" style=\"--awb-content-alignment:center;--awb-font-size:var(--awb-typography3-font-size);--awb-line-height:var(--awb-typography3-line-height);--awb-letter-spacing:var(--awb-typography3-letter-spacing);--awb-text-transform:var(--awb-typography3-text-transform);--awb-text-font-family:var(--awb-typography3-font-family);--awb-text-font-weight:var(--awb-typography3-font-weight);--awb-text-font-style:var(--awb-typography3-font-style);\"><p>Our sustainability efforts are guided by the United Nations Sustainable Development Goals (SDGs) and the company\u2019s sustainability policy. This policy provides a clear framework for integrating sustainability into daily operations and business strategy. Our work is carried out from an ESG perspective aligned with the EU Corporate Sustainability Reporting Directive (CSRD) and the European Sustainability Reporting Standards (ESRS).<\/p>\n<\/div><\/div><\/div><div class=\"fusion-layout-column fusion_builder_column fusion-builder-column-2 fusion_builder_column_1_2 1_2 fusion-flex-column\" style=\"--awb-bg-size:cover;--awb-width-large:50%;--awb-margin-top-large:20px;--awb-spacing-right-large:10px;--awb-margin-bottom-large:20px;--awb-spacing-left-large:10px;--awb-width-medium:50%;--awb-order-medium:0;--awb-spacing-right-medium:10px;--awb-spacing-left-medium:10px;--awb-width-small:100%;--awb-order-small:0;--awb-spacing-right-small:10px;--awb-spacing-left-small:10px;\"><div class=\"fusion-column-wrapper fusion-column-has-shadow fusion-flex-justify-content-flex-start fusion-content-layout-column\"><div class=\"fusion-text fusion-text-2 fusion-text-no-margin\" style=\"--awb-margin-bottom:40px;\"><h3>Environment<\/h3>\n<p>Prisma\u2019s operations impact the environment and climate, primarily through greenhouse gas emissions and the use of energy, water, and natural resources. To take responsibility and contribute to a sustainable future, we have set ambitious climate targets to reduce our Scope 1 and 2 greenhouse gas emissions by 42% by 2030, using 2023 as the base year. These targets have been verified by the Science Based Targets initiative (SBTi) to ensure alignment with the Paris Agreement and global climate ambitions. To meet these goals, much of our environmental and climate efforts focus on improving energy efficiency in our existing property portfolio, minimizing resource consumption, and reducing waste in the construction process. A large part of our impact falls under Scope 3, and we are actively working to reduce emissions throughout our value chain. We already offer solar panels to our tenants for renewable energy production and charging infrastructure for electric vehicles.<\/p>\n<h3>Social<\/h3>\n<p>Prisma\u2019s goal is to be a reliable and successful employer, partner, landlord, and customer. We strive to achieve a positive societal impact that, together with our stakeholders, promotes commerce and a market that enables everyone to attain a good standard of living. It is important to us to develop accessible and inclusive marketplaces in collaboration with municipalities and tenants. Prisma\u2019s marketplaces should be safe and adapted for accessibility for everyone who visits them.<\/p>\n<\/div><div class=\"fusion-image-element \" style=\"--awb-aspect-ratio:3 \/ 2;--awb-object-position:31% 48%;--awb-caption-title-font-family:var(--h2_typography-font-family);--awb-caption-title-font-weight:var(--h2_typography-font-weight);--awb-caption-title-font-style:var(--h2_typography-font-style);--awb-caption-title-size:var(--h2_typography-font-size);--awb-caption-title-transform:var(--h2_typography-text-transform);--awb-caption-title-line-height:var(--h2_typography-line-height);--awb-caption-title-letter-spacing:var(--h2_typography-letter-spacing);\"><span class=\" fusion-imageframe imageframe-none imageframe-1 hover-type-none has-aspect-ratio\"><img decoding=\"async\" width=\"1000\" height=\"667\" alt=\"H\u00e5llbarhet\" title=\"Ha\u030allbarhet_1\" src=\"https:\/\/prismaproperties.se\/wordpress\/wp-content\/uploads\/2025\/04\/Hallbarhet_1.jpg\" data-orig-src=\"https:\/\/prismaproperties.se\/wordpress\/wp-content\/uploads\/2025\/04\/Hallbarhet_1.jpg\" class=\"lazyload img-responsive wp-image-5239 img-with-aspect-ratio\" data-parent-fit=\"cover\" data-parent-container=\".fusion-image-element\" srcset=\"data:image\/svg+xml,%3Csvg%20xmlns%3D%27http%3A%2F%2Fwww.w3.org%2F2000%2Fsvg%27%20width%3D%271000%27%20height%3D%27667%27%20viewBox%3D%270%200%201000%20667%27%3E%3Crect%20width%3D%271000%27%20height%3D%27667%27%20fill-opacity%3D%220%22%2F%3E%3C%2Fsvg%3E\" data-srcset=\"https:\/\/prismaproperties.se\/wordpress\/wp-content\/uploads\/2025\/04\/Hallbarhet_1-200x133.jpg 200w, https:\/\/prismaproperties.se\/wordpress\/wp-content\/uploads\/2025\/04\/Hallbarhet_1-400x267.jpg 400w, https:\/\/prismaproperties.se\/wordpress\/wp-content\/uploads\/2025\/04\/Hallbarhet_1-600x400.jpg 600w, https:\/\/prismaproperties.se\/wordpress\/wp-content\/uploads\/2025\/04\/Hallbarhet_1-800x534.jpg 800w, https:\/\/prismaproperties.se\/wordpress\/wp-content\/uploads\/2025\/04\/Hallbarhet_1.jpg 1000w\" data-sizes=\"auto\" data-orig-sizes=\"(max-width: 640px) 100vw, 600px\" \/><\/span><\/div><\/div><\/div><div class=\"fusion-layout-column fusion_builder_column fusion-builder-column-3 fusion_builder_column_1_2 1_2 fusion-flex-column\" style=\"--awb-bg-size:cover;--awb-width-large:50%;--awb-margin-top-large:20px;--awb-spacing-right-large:10px;--awb-margin-bottom-large:20px;--awb-spacing-left-large:10px;--awb-width-medium:50%;--awb-order-medium:0;--awb-spacing-right-medium:10px;--awb-spacing-left-medium:10px;--awb-width-small:100%;--awb-order-small:0;--awb-spacing-right-small:10px;--awb-spacing-left-small:10px;\"><div class=\"fusion-column-wrapper fusion-column-has-shadow fusion-flex-justify-content-flex-start fusion-content-layout-column\"><div class=\"fusion-image-element fusion-no-small-visibility\" style=\"--awb-aspect-ratio:1 \/ 1;--awb-object-position:20% 46%;--awb-margin-bottom:40px;--awb-caption-title-font-family:var(--h2_typography-font-family);--awb-caption-title-font-weight:var(--h2_typography-font-weight);--awb-caption-title-font-style:var(--h2_typography-font-style);--awb-caption-title-size:var(--h2_typography-font-size);--awb-caption-title-transform:var(--h2_typography-text-transform);--awb-caption-title-line-height:var(--h2_typography-line-height);--awb-caption-title-letter-spacing:var(--h2_typography-letter-spacing);\"><span class=\" fusion-imageframe imageframe-none imageframe-2 hover-type-none has-aspect-ratio\"><img decoding=\"async\" width=\"1200\" height=\"1500\" title=\"ha\u030allbarhet_2\" src=\"https:\/\/prismaproperties.se\/wordpress\/wp-content\/uploads\/2024\/03\/hallbarhet_2.jpg\" data-orig-src=\"https:\/\/prismaproperties.se\/wordpress\/wp-content\/uploads\/2024\/03\/hallbarhet_2.jpg\" class=\"lazyload img-responsive wp-image-1827 img-with-aspect-ratio\" data-parent-fit=\"cover\" data-parent-container=\".fusion-image-element\" alt srcset=\"data:image\/svg+xml,%3Csvg%20xmlns%3D%27http%3A%2F%2Fwww.w3.org%2F2000%2Fsvg%27%20width%3D%271200%27%20height%3D%271500%27%20viewBox%3D%270%200%201200%201500%27%3E%3Crect%20width%3D%271200%27%20height%3D%271500%27%20fill-opacity%3D%220%22%2F%3E%3C%2Fsvg%3E\" data-srcset=\"https:\/\/prismaproperties.se\/wordpress\/wp-content\/uploads\/2024\/03\/hallbarhet_2-200x250.jpg 200w, https:\/\/prismaproperties.se\/wordpress\/wp-content\/uploads\/2024\/03\/hallbarhet_2-400x500.jpg 400w, https:\/\/prismaproperties.se\/wordpress\/wp-content\/uploads\/2024\/03\/hallbarhet_2-600x750.jpg 600w, https:\/\/prismaproperties.se\/wordpress\/wp-content\/uploads\/2024\/03\/hallbarhet_2-800x1000.jpg 800w, https:\/\/prismaproperties.se\/wordpress\/wp-content\/uploads\/2024\/03\/hallbarhet_2.jpg 1200w\" data-sizes=\"auto\" data-orig-sizes=\"(max-width: 640px) 100vw, 600px\" \/><\/span><\/div><div class=\"fusion-text fusion-text-3\"><h3>Governance<\/h3>\n<p>Prisma complies with several international laws and directives, including the UN Global Compact\u2019s ten principles on human rights, the UN Sustainable Development Goals, the ILO core conventions, and the OECD Guidelines for Multinational Enterprises. Prisma is committed to conducting business responsibly towards its stakeholders and society, characterized by sound business practices, accountability, and high ethical standards.<\/p>\n<\/div><div class=\"fusion-title title fusion-title-2 fusion-sep-none fusion-title-text fusion-title-size-four\" style=\"--awb-margin-top-small:10px;--awb-margin-right-small:0px;--awb-margin-bottom-small:10px;--awb-margin-left-small:0px;\"><h4 class=\"fusion-title-heading title-heading-left fusion-responsive-typography-calculated\" style=\"margin:0;--fontSize:20;--minFontSize:20;line-height:1.2;\"><a class=\"awb-custom-text-color awb-custom-text-hover-color\" target=\"_blank\"><a href=\"https:\/\/prismaproperties.se\/wordpress\/wp-content\/uploads\/2025\/11\/prisma-properties-sustainability-policy-2025-10-24.pdf\" target=\"_blank\" rel=\"noopener\">Download Prisma Properties Sustainability Policy<\/a> <i class=\"fb-icon-element-1 fb-icon-element fontawesome-icon fa-arrow-right fas circle-no fusion-text-flow\" style=\"--awb-iconcolor:var(--awb-color2);--awb-iconcolor-hover:var(--awb-color2);--awb-font-size:16px;--awb-margin-right:8px;\"><\/i><\/a><\/h4><\/div><\/div><\/div><\/div><\/div><\/p>\n","protected":false},"excerpt":{"rendered":"","protected":false},"author":1,"featured_media":0,"parent":132,"menu_order":0,"comment_status":"closed","ping_status":"closed","template":"100-width.php","meta":{"footnotes":""},"class_list":["post-183","page","type-page","status-publish","hentry"],"yoast_head":"<!-- This site is optimized with the Yoast SEO plugin v27.4 - https:\/\/yoast.com\/product\/yoast-seo-wordpress\/ -->\n<title>Sustainability och energieffektivisering - Prisma Properties<\/title>\n<meta name=\"description\" content=\"Prisma Properties bidrar till h\u00e5llbarhet genom arbete med energieffektivisering av fastighetsbest\u00e5ndet, produktion och f\u00f6rs\u00e4ljning m.m.\" \/>\n<meta name=\"robots\" content=\"index, follow, max-snippet:-1, max-image-preview:large, max-video-preview:-1\" \/>\n<link rel=\"canonical\" href=\"https:\/\/prismaproperties.se\/en\/about-prisma-properties\/sustainability\/\" \/>\n<meta property=\"og:locale\" content=\"en_US\" \/>\n<meta property=\"og:type\" content=\"article\" \/>\n<meta property=\"og:title\" content=\"Sustainability och energieffektivisering - Prisma Properties\" \/>\n<meta property=\"og:description\" content=\"Prisma Properties bidrar till h\u00e5llbarhet genom arbete med energieffektivisering av fastighetsbest\u00e5ndet, produktion och f\u00f6rs\u00e4ljning m.m.\" \/>\n<meta property=\"og:url\" content=\"https:\/\/prismaproperties.se\/en\/about-prisma-properties\/sustainability\/\" \/>\n<meta property=\"og:site_name\" content=\"Prisma Properties\" \/>\n<meta property=\"article:modified_time\" content=\"2025-11-12T08:38:53+00:00\" \/>\n<meta property=\"og:image\" content=\"https:\/\/prismaproperties.se\/wordpress\/wp-content\/uploads\/2024\/02\/prisma-topp-2000-03.jpg\" \/>\n\t<meta property=\"og:image:width\" content=\"2000\" \/>\n\t<meta property=\"og:image:height\" content=\"1000\" \/>\n\t<meta property=\"og:image:type\" content=\"image\/jpeg\" \/>\n<meta name=\"twitter:card\" content=\"summary_large_image\" \/>\n<meta name=\"twitter:label1\" content=\"Est. reading time\" \/>\n\t<meta name=\"twitter:data1\" content=\"3 minutes\" \/>\n<script type=\"application\/ld+json\" class=\"yoast-schema-graph\">{\"@context\":\"https:\\\/\\\/schema.org\",\"@graph\":[{\"@type\":\"WebPage\",\"@id\":\"https:\\\/\\\/prismaproperties.se\\\/en\\\/about-prisma-properties\\\/sustainability\\\/\",\"url\":\"https:\\\/\\\/prismaproperties.se\\\/en\\\/about-prisma-properties\\\/sustainability\\\/\",\"name\":\"Sustainability och energieffektivisering - Prisma Properties\",\"isPartOf\":{\"@id\":\"https:\\\/\\\/prismaproperties.se\\\/en\\\/#website\"},\"datePublished\":\"2024-01-30T10:12:51+00:00\",\"dateModified\":\"2025-11-12T08:38:53+00:00\",\"description\":\"Prisma Properties bidrar till h\u00e5llbarhet genom arbete med energieffektivisering av fastighetsbest\u00e5ndet, produktion och f\u00f6rs\u00e4ljning m.m.\",\"breadcrumb\":{\"@id\":\"https:\\\/\\\/prismaproperties.se\\\/en\\\/about-prisma-properties\\\/sustainability\\\/#breadcrumb\"},\"inLanguage\":\"en-US\",\"potentialAction\":[{\"@type\":\"ReadAction\",\"target\":[\"https:\\\/\\\/prismaproperties.se\\\/en\\\/about-prisma-properties\\\/sustainability\\\/\"]}]},{\"@type\":\"BreadcrumbList\",\"@id\":\"https:\\\/\\\/prismaproperties.se\\\/en\\\/about-prisma-properties\\\/sustainability\\\/#breadcrumb\",\"itemListElement\":[{\"@type\":\"ListItem\",\"position\":1,\"name\":\"Home\",\"item\":\"https:\\\/\\\/prismaproperties.se\\\/en\\\/\"},{\"@type\":\"ListItem\",\"position\":2,\"name\":\"About us\",\"item\":\"https:\\\/\\\/prismaproperties.se\\\/en\\\/about-prisma-properties\\\/\"},{\"@type\":\"ListItem\",\"position\":3,\"name\":\"Sustainability\"}]},{\"@type\":\"WebSite\",\"@id\":\"https:\\\/\\\/prismaproperties.se\\\/en\\\/#website\",\"url\":\"https:\\\/\\\/prismaproperties.se\\\/en\\\/\",\"name\":\"Prisma Properties\",\"description\":\"Sveriges ledande fastighetsutvecklare inom l\u00e5gprishandel\",\"publisher\":{\"@id\":\"https:\\\/\\\/prismaproperties.se\\\/en\\\/#organization\"},\"potentialAction\":[{\"@type\":\"SearchAction\",\"target\":{\"@type\":\"EntryPoint\",\"urlTemplate\":\"https:\\\/\\\/prismaproperties.se\\\/en\\\/?s={search_term_string}\"},\"query-input\":{\"@type\":\"PropertyValueSpecification\",\"valueRequired\":true,\"valueName\":\"search_term_string\"}}],\"inLanguage\":\"en-US\"},{\"@type\":\"Organization\",\"@id\":\"https:\\\/\\\/prismaproperties.se\\\/en\\\/#organization\",\"name\":\"Prisma Properties\",\"url\":\"https:\\\/\\\/prismaproperties.se\\\/en\\\/\",\"logo\":{\"@type\":\"ImageObject\",\"inLanguage\":\"en-US\",\"@id\":\"https:\\\/\\\/prismaproperties.se\\\/en\\\/#\\\/schema\\\/logo\\\/image\\\/\",\"url\":\"https:\\\/\\\/prismaproperties.se\\\/wordpress\\\/wp-content\\\/uploads\\\/2024\\\/01\\\/favicon-prisma-270.png\",\"contentUrl\":\"https:\\\/\\\/prismaproperties.se\\\/wordpress\\\/wp-content\\\/uploads\\\/2024\\\/01\\\/favicon-prisma-270.png\",\"width\":270,\"height\":270,\"caption\":\"Prisma Properties\"},\"image\":{\"@id\":\"https:\\\/\\\/prismaproperties.se\\\/en\\\/#\\\/schema\\\/logo\\\/image\\\/\"}}]}<\/script>\n<!-- \/ Yoast SEO plugin. -->","yoast_head_json":{"title":"Sustainability och energieffektivisering - Prisma Properties","description":"Prisma Properties bidrar till h\u00e5llbarhet genom arbete med energieffektivisering av fastighetsbest\u00e5ndet, produktion och f\u00f6rs\u00e4ljning m.m.","robots":{"index":"index","follow":"follow","max-snippet":"max-snippet:-1","max-image-preview":"max-image-preview:large","max-video-preview":"max-video-preview:-1"},"canonical":"https:\/\/prismaproperties.se\/en\/about-prisma-properties\/sustainability\/","og_locale":"en_US","og_type":"article","og_title":"Sustainability och energieffektivisering - Prisma Properties","og_description":"Prisma Properties bidrar till h\u00e5llbarhet genom arbete med energieffektivisering av fastighetsbest\u00e5ndet, produktion och f\u00f6rs\u00e4ljning m.m.","og_url":"https:\/\/prismaproperties.se\/en\/about-prisma-properties\/sustainability\/","og_site_name":"Prisma Properties","article_modified_time":"2025-11-12T08:38:53+00:00","og_image":[{"width":2000,"height":1000,"url":"https:\/\/prismaproperties.se\/wordpress\/wp-content\/uploads\/2024\/02\/prisma-topp-2000-03.jpg","type":"image\/jpeg"}],"twitter_card":"summary_large_image","twitter_misc":{"Est. reading time":"3 minutes"},"schema":{"@context":"https:\/\/schema.org","@graph":[{"@type":"WebPage","@id":"https:\/\/prismaproperties.se\/en\/about-prisma-properties\/sustainability\/","url":"https:\/\/prismaproperties.se\/en\/about-prisma-properties\/sustainability\/","name":"Sustainability och energieffektivisering - Prisma Properties","isPartOf":{"@id":"https:\/\/prismaproperties.se\/en\/#website"},"datePublished":"2024-01-30T10:12:51+00:00","dateModified":"2025-11-12T08:38:53+00:00","description":"Prisma Properties bidrar till h\u00e5llbarhet genom arbete med energieffektivisering av fastighetsbest\u00e5ndet, produktion och f\u00f6rs\u00e4ljning m.m.","breadcrumb":{"@id":"https:\/\/prismaproperties.se\/en\/about-prisma-properties\/sustainability\/#breadcrumb"},"inLanguage":"en-US","potentialAction":[{"@type":"ReadAction","target":["https:\/\/prismaproperties.se\/en\/about-prisma-properties\/sustainability\/"]}]},{"@type":"BreadcrumbList","@id":"https:\/\/prismaproperties.se\/en\/about-prisma-properties\/sustainability\/#breadcrumb","itemListElement":[{"@type":"ListItem","position":1,"name":"Home","item":"https:\/\/prismaproperties.se\/en\/"},{"@type":"ListItem","position":2,"name":"About us","item":"https:\/\/prismaproperties.se\/en\/about-prisma-properties\/"},{"@type":"ListItem","position":3,"name":"Sustainability"}]},{"@type":"WebSite","@id":"https:\/\/prismaproperties.se\/en\/#website","url":"https:\/\/prismaproperties.se\/en\/","name":"Prisma Properties","description":"Sveriges ledande fastighetsutvecklare inom l\u00e5gprishandel","publisher":{"@id":"https:\/\/prismaproperties.se\/en\/#organization"},"potentialAction":[{"@type":"SearchAction","target":{"@type":"EntryPoint","urlTemplate":"https:\/\/prismaproperties.se\/en\/?s={search_term_string}"},"query-input":{"@type":"PropertyValueSpecification","valueRequired":true,"valueName":"search_term_string"}}],"inLanguage":"en-US"},{"@type":"Organization","@id":"https:\/\/prismaproperties.se\/en\/#organization","name":"Prisma Properties","url":"https:\/\/prismaproperties.se\/en\/","logo":{"@type":"ImageObject","inLanguage":"en-US","@id":"https:\/\/prismaproperties.se\/en\/#\/schema\/logo\/image\/","url":"https:\/\/prismaproperties.se\/wordpress\/wp-content\/uploads\/2024\/01\/favicon-prisma-270.png","contentUrl":"https:\/\/prismaproperties.se\/wordpress\/wp-content\/uploads\/2024\/01\/favicon-prisma-270.png","width":270,"height":270,"caption":"Prisma Properties"},"image":{"@id":"https:\/\/prismaproperties.se\/en\/#\/schema\/logo\/image\/"}}]}},"_links":{"self":[{"href":"https:\/\/prismaproperties.se\/en\/wp-json\/wp\/v2\/pages\/183","targetHints":{"allow":["GET"]}}],"collection":[{"href":"https:\/\/prismaproperties.se\/en\/wp-json\/wp\/v2\/pages"}],"about":[{"href":"https:\/\/prismaproperties.se\/en\/wp-json\/wp\/v2\/types\/page"}],"author":[{"embeddable":true,"href":"https:\/\/prismaproperties.se\/en\/wp-json\/wp\/v2\/users\/1"}],"replies":[{"embeddable":true,"href":"https:\/\/prismaproperties.se\/en\/wp-json\/wp\/v2\/comments?post=183"}],"version-history":[{"count":26,"href":"https:\/\/prismaproperties.se\/en\/wp-json\/wp\/v2\/pages\/183\/revisions"}],"predecessor-version":[{"id":6074,"href":"https:\/\/prismaproperties.se\/en\/wp-json\/wp\/v2\/pages\/183\/revisions\/6074"}],"up":[{"embeddable":true,"href":"https:\/\/prismaproperties.se\/en\/wp-json\/wp\/v2\/pages\/132"}],"wp:attachment":[{"href":"https:\/\/prismaproperties.se\/en\/wp-json\/wp\/v2\/media?parent=183"}],"curies":[{"name":"wp","href":"https:\/\/api.w.org\/{rel}","templated":true}]}}