{"id":5357,"date":"2025-04-07T11:11:45","date_gmt":"2025-04-07T09:11:45","guid":{"rendered":"https:\/\/prismaproperties.se\/about-prisma-properties\/discount-retail\/case-snabbladdning\/"},"modified":"2025-05-22T14:53:15","modified_gmt":"2025-05-22T12:53:15","slug":"case-snabbladdning","status":"publish","type":"page","link":"https:\/\/prismaproperties.se\/en\/about-prisma-properties\/discount-retail\/case-snabbladdning\/","title":{"rendered":"Case: Snabbladdning"},"content":{"rendered":"<p><div class=\"fusion-fullwidth fullwidth-box fusion-builder-row-1 fusion-flex-container has-pattern-background has-mask-background fusion-parallax-none hundred-percent-fullwidth non-hundred-percent-height-scrolling lazyload\" style=\"--awb-background-position:center top;--awb-border-radius-top-left:0px;--awb-border-radius-top-right:0px;--awb-border-radius-bottom-right:0px;--awb-border-radius-bottom-left:0px;--awb-min-height:600px;--awb-min-height-medium:500px;--awb-min-height-small:300px;--awb-background-size:cover;--awb-flex-wrap:wrap;\" data-bg=\"https:\/\/prismaproperties.se\/wordpress\/wp-content\/uploads\/2024\/03\/prisma-topp-hallbarhet-2000-01.jpg\" ><div class=\"fusion-builder-row fusion-row fusion-flex-align-items-flex-start fusion-flex-content-wrap\" style=\"width:calc( 100% + 20px ) !important;max-width:calc( 100% + 20px ) !important;margin-left: calc(-20px \/ 2 );margin-right: calc(-20px \/ 2 );\"><div class=\"fusion-layout-column fusion_builder_column fusion-builder-column-0 fusion_builder_column_1_1 1_1 fusion-flex-column\" style=\"--awb-bg-size:cover;--awb-width-large:100%;--awb-margin-top-large:20px;--awb-spacing-right-large:10px;--awb-margin-bottom-large:20px;--awb-spacing-left-large:10px;--awb-width-medium:100%;--awb-order-medium:0;--awb-spacing-right-medium:10px;--awb-spacing-left-medium:10px;--awb-width-small:100%;--awb-order-small:0;--awb-spacing-right-small:10px;--awb-spacing-left-small:10px;\"><div class=\"fusion-column-wrapper fusion-column-has-shadow fusion-flex-justify-content-flex-start fusion-content-layout-column\"><\/div><\/div><\/div><\/div><div class=\"fusion-fullwidth fullwidth-box fusion-builder-row-2 fusion-flex-container has-pattern-background has-mask-background nonhundred-percent-fullwidth non-hundred-percent-height-scrolling\" style=\"--awb-border-radius-top-left:0px;--awb-border-radius-top-right:0px;--awb-border-radius-bottom-right:0px;--awb-border-radius-bottom-left:0px;--awb-padding-top:60px;--awb-padding-bottom:60px;--awb-flex-wrap:wrap;\" ><div class=\"fusion-builder-row fusion-row fusion-flex-align-items-flex-start fusion-flex-justify-content-center fusion-flex-content-wrap\" style=\"max-width:calc( 1100px + 20px );margin-left: calc(-20px \/ 2 );margin-right: calc(-20px \/ 2 );\"><div class=\"fusion-layout-column fusion_builder_column fusion-builder-column-1 fusion_builder_column_3_4 3_4 fusion-flex-column\" style=\"--awb-bg-size:cover;--awb-width-large:75%;--awb-margin-top-large:20px;--awb-spacing-right-large:10px;--awb-margin-bottom-large:20px;--awb-spacing-left-large:10px;--awb-width-medium:75%;--awb-order-medium:0;--awb-spacing-right-medium:10px;--awb-spacing-left-medium:10px;--awb-width-small:100%;--awb-order-small:0;--awb-spacing-right-small:10px;--awb-spacing-left-small:10px;\"><div class=\"fusion-column-wrapper fusion-column-has-shadow fusion-flex-justify-content-flex-start fusion-content-layout-column\"><div class=\"fusion-title title fusion-title-1 fusion-sep-none fusion-title-center fusion-title-text fusion-title-size-one\" style=\"--awb-text-color:var(--awb-color2);--awb-margin-top-small:10px;--awb-margin-right-small:0px;--awb-margin-bottom-small:10px;--awb-margin-left-small:0px;\"><h1 class=\"fusion-title-heading title-heading-center fusion-responsive-typography-calculated\" style=\"margin:0;--fontSize:50;line-height:1.2;\">Food, services and fast charging<\/h1><\/div><div class=\"fusion-text fusion-text-1\" style=\"--awb-content-alignment:center;--awb-font-size:var(--awb-typography3-font-size);--awb-line-height:var(--awb-typography3-line-height);--awb-letter-spacing:var(--awb-typography3-letter-spacing);--awb-text-transform:var(--awb-typography3-text-transform);--awb-text-font-family:var(--awb-typography3-font-family);--awb-text-font-weight:var(--awb-typography3-font-weight);--awb-text-font-style:var(--awb-typography3-font-style);\"><p class=\"p1\">Quick-service restaurants (QSR) is one of the fastest growing segments in the Swedish restaurant market. The EV boom is changing the business landscape along the road network, increasing demand for meeting places that combine affordable food and fast charging. Prisma is playing an active part in this development.<\/p>\n<\/div><\/div><\/div><div class=\"fusion-layout-column fusion_builder_column fusion-builder-column-2 fusion_builder_column_1_2 1_2 fusion-flex-column\" style=\"--awb-bg-size:cover;--awb-width-large:50%;--awb-margin-top-large:20px;--awb-spacing-right-large:10px;--awb-margin-bottom-large:20px;--awb-spacing-left-large:10px;--awb-width-medium:50%;--awb-order-medium:0;--awb-spacing-right-medium:10px;--awb-spacing-left-medium:10px;--awb-width-small:100%;--awb-order-small:0;--awb-spacing-right-small:10px;--awb-spacing-left-small:10px;\"><div class=\"fusion-column-wrapper fusion-column-has-shadow fusion-flex-justify-content-flex-start fusion-content-layout-column\"><div class=\"fusion-text fusion-text-2 fusion-text-no-margin\" style=\"--awb-margin-bottom:40px;\"><p class=\"p1\"><span class=\"s1\"><b>Roadside <\/b><\/span>quick-service restaurants and charging infrastructure are key elements of Prisma\u2019s growth strategy. The category currently accounts for just over a quarter of the company\u2019s total rental value.<\/p>\n<p class=\"p2\">\u202fOne tenant at the forefront of QSR growth in Sweden is McDonald\u2019s, which is planning 30 new restaurants over the next four years.\u202fIn 2024, Prisma and Food Folk Sverige, which runs McDonald\u2019s in Sweden, have jointly completed and started two new restaurants, focusing on locations along motorways and other traffic-intense areas.<\/p>\n<p class=\"p2\">A key driver behind the success of QSR and the shift away from city centre locations is the rise of electric vehicles, or EVs. As EVs take longer to charge than conventional cars take to refuel, new opportunities are opening up for restaurants to become roadside social and commercial hubs.<\/p>\n<p class=\"p2\">\u202fPrisma sees fast charging as a key component of the QSR sector in the future. Expansion of the charging infrastructure is always included when planning future projects. In 2024, 141 new charging points were established and many more are planned for 2025.<\/p>\n<p class=\"p2\">\u202f \u201cWe can see huge growth potential in the QSR segment, both in Sweden and the Nordics as a whole. Among our tenants, it\u2019s clear that demand for attractive property locations along motorways is increasing,\u201d says Fredrik M\u00e4ssing, CEO of Prisma.<\/p>\n<\/div><\/div><\/div><div class=\"fusion-layout-column fusion_builder_column fusion-builder-column-3 fusion_builder_column_1_2 1_2 fusion-flex-column\" style=\"--awb-bg-size:cover;--awb-width-large:50%;--awb-margin-top-large:20px;--awb-spacing-right-large:10px;--awb-margin-bottom-large:20px;--awb-spacing-left-large:10px;--awb-width-medium:50%;--awb-order-medium:0;--awb-spacing-right-medium:10px;--awb-spacing-left-medium:10px;--awb-width-small:100%;--awb-order-small:0;--awb-spacing-right-small:10px;--awb-spacing-left-small:10px;\"><div class=\"fusion-column-wrapper fusion-column-has-shadow fusion-flex-justify-content-flex-start fusion-content-layout-column\"><div class=\"fusion-image-element fusion-no-small-visibility\" style=\"--awb-aspect-ratio:1 \/ 1;--awb-object-position:27% 28%;--awb-margin-bottom:40px;--awb-caption-title-font-family:var(--h2_typography-font-family);--awb-caption-title-font-weight:var(--h2_typography-font-weight);--awb-caption-title-font-style:var(--h2_typography-font-style);--awb-caption-title-size:var(--h2_typography-font-size);--awb-caption-title-transform:var(--h2_typography-text-transform);--awb-caption-title-line-height:var(--h2_typography-line-height);--awb-caption-title-letter-spacing:var(--h2_typography-letter-spacing);\"><span class=\" fusion-imageframe imageframe-none imageframe-1 hover-type-none has-aspect-ratio\"><img decoding=\"async\" width=\"1000\" height=\"667\" alt=\"case om snabbladdning\" title=\"Smiling woman charging electric car while standing at station\" src=\"https:\/\/prismaproperties.se\/wordpress\/wp-content\/uploads\/2025\/04\/case_snabbladdning1.jpg\" data-orig-src=\"https:\/\/prismaproperties.se\/wordpress\/wp-content\/uploads\/2025\/04\/case_snabbladdning1.jpg\" class=\"lazyload img-responsive wp-image-5216 img-with-aspect-ratio\" data-parent-fit=\"cover\" data-parent-container=\".fusion-image-element\" srcset=\"data:image\/svg+xml,%3Csvg%20xmlns%3D%27http%3A%2F%2Fwww.w3.org%2F2000%2Fsvg%27%20width%3D%271000%27%20height%3D%27667%27%20viewBox%3D%270%200%201000%20667%27%3E%3Crect%20width%3D%271000%27%20height%3D%27667%27%20fill-opacity%3D%220%22%2F%3E%3C%2Fsvg%3E\" data-srcset=\"https:\/\/prismaproperties.se\/wordpress\/wp-content\/uploads\/2025\/04\/case_snabbladdning1-200x133.jpg 200w, https:\/\/prismaproperties.se\/wordpress\/wp-content\/uploads\/2025\/04\/case_snabbladdning1-400x267.jpg 400w, https:\/\/prismaproperties.se\/wordpress\/wp-content\/uploads\/2025\/04\/case_snabbladdning1-600x400.jpg 600w, https:\/\/prismaproperties.se\/wordpress\/wp-content\/uploads\/2025\/04\/case_snabbladdning1-800x534.jpg 800w, https:\/\/prismaproperties.se\/wordpress\/wp-content\/uploads\/2025\/04\/case_snabbladdning1.jpg 1000w\" data-sizes=\"auto\" data-orig-sizes=\"(max-width: 640px) 100vw, 600px\" \/><\/span><\/div><\/div><\/div><\/div><\/div><\/p>\n","protected":false},"excerpt":{"rendered":"","protected":false},"author":2,"featured_media":0,"parent":3330,"menu_order":0,"comment_status":"closed","ping_status":"closed","template":"100-width.php","meta":{"footnotes":""},"class_list":["post-5357","page","type-page","status-publish","hentry"],"yoast_head":"<!-- This site is optimized with the Yoast SEO plugin v27.4 - https:\/\/yoast.com\/product\/yoast-seo-wordpress\/ -->\n<title>Case: Snabbladdning och energieffektivisering - Prisma Properties<\/title>\n<meta name=\"description\" content=\"Prisma Properties bidrar till h\u00e5llbarhet genom arbete med energieffektivisering av fastighetsbest\u00e5ndet, produktion och f\u00f6rs\u00e4ljning m.m.\" \/>\n<meta name=\"robots\" content=\"index, follow, max-snippet:-1, max-image-preview:large, max-video-preview:-1\" \/>\n<link rel=\"canonical\" href=\"https:\/\/prismaproperties.se\/en\/about-prisma-properties\/discount-retail\/case-snabbladdning\/\" \/>\n<meta property=\"og:locale\" content=\"en_US\" \/>\n<meta property=\"og:type\" content=\"article\" \/>\n<meta property=\"og:title\" content=\"Case: Snabbladdning och energieffektivisering - Prisma Properties\" \/>\n<meta property=\"og:description\" content=\"Prisma Properties bidrar till h\u00e5llbarhet genom arbete med energieffektivisering av fastighetsbest\u00e5ndet, produktion och f\u00f6rs\u00e4ljning m.m.\" \/>\n<meta property=\"og:url\" content=\"https:\/\/prismaproperties.se\/en\/about-prisma-properties\/discount-retail\/case-snabbladdning\/\" \/>\n<meta property=\"og:site_name\" content=\"Prisma Properties\" \/>\n<meta property=\"article:modified_time\" content=\"2025-05-22T12:53:15+00:00\" \/>\n<meta property=\"og:image\" content=\"https:\/\/prismaproperties.se\/wordpress\/wp-content\/uploads\/2024\/02\/prisma-topp-2000-03.jpg\" \/>\n\t<meta property=\"og:image:width\" content=\"2000\" \/>\n\t<meta property=\"og:image:height\" content=\"1000\" \/>\n\t<meta property=\"og:image:type\" content=\"image\/jpeg\" \/>\n<meta name=\"twitter:card\" content=\"summary_large_image\" \/>\n<meta name=\"twitter:label1\" content=\"Est. reading time\" \/>\n\t<meta name=\"twitter:data1\" content=\"2 minutes\" \/>\n<script type=\"application\/ld+json\" class=\"yoast-schema-graph\">{\"@context\":\"https:\\\/\\\/schema.org\",\"@graph\":[{\"@type\":\"WebPage\",\"@id\":\"https:\\\/\\\/prismaproperties.se\\\/en\\\/about-prisma-properties\\\/discount-retail\\\/case-snabbladdning\\\/\",\"url\":\"https:\\\/\\\/prismaproperties.se\\\/en\\\/about-prisma-properties\\\/discount-retail\\\/case-snabbladdning\\\/\",\"name\":\"Case: Snabbladdning och energieffektivisering - Prisma Properties\",\"isPartOf\":{\"@id\":\"https:\\\/\\\/prismaproperties.se\\\/en\\\/#website\"},\"datePublished\":\"2025-04-07T09:11:45+00:00\",\"dateModified\":\"2025-05-22T12:53:15+00:00\",\"description\":\"Prisma Properties bidrar till h\u00e5llbarhet genom arbete med energieffektivisering av fastighetsbest\u00e5ndet, produktion och f\u00f6rs\u00e4ljning m.m.\",\"breadcrumb\":{\"@id\":\"https:\\\/\\\/prismaproperties.se\\\/en\\\/about-prisma-properties\\\/discount-retail\\\/case-snabbladdning\\\/#breadcrumb\"},\"inLanguage\":\"en-US\",\"potentialAction\":[{\"@type\":\"ReadAction\",\"target\":[\"https:\\\/\\\/prismaproperties.se\\\/en\\\/about-prisma-properties\\\/discount-retail\\\/case-snabbladdning\\\/\"]}]},{\"@type\":\"BreadcrumbList\",\"@id\":\"https:\\\/\\\/prismaproperties.se\\\/en\\\/about-prisma-properties\\\/discount-retail\\\/case-snabbladdning\\\/#breadcrumb\",\"itemListElement\":[{\"@type\":\"ListItem\",\"position\":1,\"name\":\"Home\",\"item\":\"https:\\\/\\\/prismaproperties.se\\\/en\\\/\"},{\"@type\":\"ListItem\",\"position\":2,\"name\":\"About us\",\"item\":\"https:\\\/\\\/prismaproperties.se\\\/en\\\/about-prisma-properties\\\/\"},{\"@type\":\"ListItem\",\"position\":3,\"name\":\"Discount Retail\",\"item\":\"https:\\\/\\\/prismaproperties.se\\\/en\\\/about-prisma-properties\\\/discount-retail\\\/\"},{\"@type\":\"ListItem\",\"position\":4,\"name\":\"Case: Snabbladdning\"}]},{\"@type\":\"WebSite\",\"@id\":\"https:\\\/\\\/prismaproperties.se\\\/en\\\/#website\",\"url\":\"https:\\\/\\\/prismaproperties.se\\\/en\\\/\",\"name\":\"Prisma Properties\",\"description\":\"Sveriges ledande fastighetsutvecklare inom l\u00e5gprishandel\",\"publisher\":{\"@id\":\"https:\\\/\\\/prismaproperties.se\\\/en\\\/#organization\"},\"potentialAction\":[{\"@type\":\"SearchAction\",\"target\":{\"@type\":\"EntryPoint\",\"urlTemplate\":\"https:\\\/\\\/prismaproperties.se\\\/en\\\/?s={search_term_string}\"},\"query-input\":{\"@type\":\"PropertyValueSpecification\",\"valueRequired\":true,\"valueName\":\"search_term_string\"}}],\"inLanguage\":\"en-US\"},{\"@type\":\"Organization\",\"@id\":\"https:\\\/\\\/prismaproperties.se\\\/en\\\/#organization\",\"name\":\"Prisma Properties\",\"url\":\"https:\\\/\\\/prismaproperties.se\\\/en\\\/\",\"logo\":{\"@type\":\"ImageObject\",\"inLanguage\":\"en-US\",\"@id\":\"https:\\\/\\\/prismaproperties.se\\\/en\\\/#\\\/schema\\\/logo\\\/image\\\/\",\"url\":\"https:\\\/\\\/prismaproperties.se\\\/wordpress\\\/wp-content\\\/uploads\\\/2024\\\/01\\\/favicon-prisma-270.png\",\"contentUrl\":\"https:\\\/\\\/prismaproperties.se\\\/wordpress\\\/wp-content\\\/uploads\\\/2024\\\/01\\\/favicon-prisma-270.png\",\"width\":270,\"height\":270,\"caption\":\"Prisma Properties\"},\"image\":{\"@id\":\"https:\\\/\\\/prismaproperties.se\\\/en\\\/#\\\/schema\\\/logo\\\/image\\\/\"}}]}<\/script>\n<!-- \/ Yoast SEO plugin. -->","yoast_head_json":{"title":"Case: Snabbladdning och energieffektivisering - Prisma Properties","description":"Prisma Properties bidrar till h\u00e5llbarhet genom arbete med energieffektivisering av fastighetsbest\u00e5ndet, produktion och f\u00f6rs\u00e4ljning m.m.","robots":{"index":"index","follow":"follow","max-snippet":"max-snippet:-1","max-image-preview":"max-image-preview:large","max-video-preview":"max-video-preview:-1"},"canonical":"https:\/\/prismaproperties.se\/en\/about-prisma-properties\/discount-retail\/case-snabbladdning\/","og_locale":"en_US","og_type":"article","og_title":"Case: Snabbladdning och energieffektivisering - Prisma Properties","og_description":"Prisma Properties bidrar till h\u00e5llbarhet genom arbete med energieffektivisering av fastighetsbest\u00e5ndet, produktion och f\u00f6rs\u00e4ljning m.m.","og_url":"https:\/\/prismaproperties.se\/en\/about-prisma-properties\/discount-retail\/case-snabbladdning\/","og_site_name":"Prisma Properties","article_modified_time":"2025-05-22T12:53:15+00:00","og_image":[{"width":2000,"height":1000,"url":"https:\/\/prismaproperties.se\/wordpress\/wp-content\/uploads\/2024\/02\/prisma-topp-2000-03.jpg","type":"image\/jpeg"}],"twitter_card":"summary_large_image","twitter_misc":{"Est. reading time":"2 minutes"},"schema":{"@context":"https:\/\/schema.org","@graph":[{"@type":"WebPage","@id":"https:\/\/prismaproperties.se\/en\/about-prisma-properties\/discount-retail\/case-snabbladdning\/","url":"https:\/\/prismaproperties.se\/en\/about-prisma-properties\/discount-retail\/case-snabbladdning\/","name":"Case: Snabbladdning och energieffektivisering - Prisma Properties","isPartOf":{"@id":"https:\/\/prismaproperties.se\/en\/#website"},"datePublished":"2025-04-07T09:11:45+00:00","dateModified":"2025-05-22T12:53:15+00:00","description":"Prisma Properties bidrar till h\u00e5llbarhet genom arbete med energieffektivisering av fastighetsbest\u00e5ndet, produktion och f\u00f6rs\u00e4ljning m.m.","breadcrumb":{"@id":"https:\/\/prismaproperties.se\/en\/about-prisma-properties\/discount-retail\/case-snabbladdning\/#breadcrumb"},"inLanguage":"en-US","potentialAction":[{"@type":"ReadAction","target":["https:\/\/prismaproperties.se\/en\/about-prisma-properties\/discount-retail\/case-snabbladdning\/"]}]},{"@type":"BreadcrumbList","@id":"https:\/\/prismaproperties.se\/en\/about-prisma-properties\/discount-retail\/case-snabbladdning\/#breadcrumb","itemListElement":[{"@type":"ListItem","position":1,"name":"Home","item":"https:\/\/prismaproperties.se\/en\/"},{"@type":"ListItem","position":2,"name":"About us","item":"https:\/\/prismaproperties.se\/en\/about-prisma-properties\/"},{"@type":"ListItem","position":3,"name":"Discount Retail","item":"https:\/\/prismaproperties.se\/en\/about-prisma-properties\/discount-retail\/"},{"@type":"ListItem","position":4,"name":"Case: Snabbladdning"}]},{"@type":"WebSite","@id":"https:\/\/prismaproperties.se\/en\/#website","url":"https:\/\/prismaproperties.se\/en\/","name":"Prisma Properties","description":"Sveriges ledande fastighetsutvecklare inom l\u00e5gprishandel","publisher":{"@id":"https:\/\/prismaproperties.se\/en\/#organization"},"potentialAction":[{"@type":"SearchAction","target":{"@type":"EntryPoint","urlTemplate":"https:\/\/prismaproperties.se\/en\/?s={search_term_string}"},"query-input":{"@type":"PropertyValueSpecification","valueRequired":true,"valueName":"search_term_string"}}],"inLanguage":"en-US"},{"@type":"Organization","@id":"https:\/\/prismaproperties.se\/en\/#organization","name":"Prisma Properties","url":"https:\/\/prismaproperties.se\/en\/","logo":{"@type":"ImageObject","inLanguage":"en-US","@id":"https:\/\/prismaproperties.se\/en\/#\/schema\/logo\/image\/","url":"https:\/\/prismaproperties.se\/wordpress\/wp-content\/uploads\/2024\/01\/favicon-prisma-270.png","contentUrl":"https:\/\/prismaproperties.se\/wordpress\/wp-content\/uploads\/2024\/01\/favicon-prisma-270.png","width":270,"height":270,"caption":"Prisma Properties"},"image":{"@id":"https:\/\/prismaproperties.se\/en\/#\/schema\/logo\/image\/"}}]}},"_links":{"self":[{"href":"https:\/\/prismaproperties.se\/en\/wp-json\/wp\/v2\/pages\/5357","targetHints":{"allow":["GET"]}}],"collection":[{"href":"https:\/\/prismaproperties.se\/en\/wp-json\/wp\/v2\/pages"}],"about":[{"href":"https:\/\/prismaproperties.se\/en\/wp-json\/wp\/v2\/types\/page"}],"author":[{"embeddable":true,"href":"https:\/\/prismaproperties.se\/en\/wp-json\/wp\/v2\/users\/2"}],"replies":[{"embeddable":true,"href":"https:\/\/prismaproperties.se\/en\/wp-json\/wp\/v2\/comments?post=5357"}],"version-history":[{"count":2,"href":"https:\/\/prismaproperties.se\/en\/wp-json\/wp\/v2\/pages\/5357\/revisions"}],"predecessor-version":[{"id":5459,"href":"https:\/\/prismaproperties.se\/en\/wp-json\/wp\/v2\/pages\/5357\/revisions\/5459"}],"up":[{"embeddable":true,"href":"https:\/\/prismaproperties.se\/en\/wp-json\/wp\/v2\/pages\/3330"}],"wp:attachment":[{"href":"https:\/\/prismaproperties.se\/en\/wp-json\/wp\/v2\/media?parent=5357"}],"curies":[{"name":"wp","href":"https:\/\/api.w.org\/{rel}","templated":true}]}}